{"id":1008,"date":"2023-07-18T22:39:48","date_gmt":"2023-07-18T20:39:48","guid":{"rendered":"http:\/\/www.jaguar-ouest.fr\/wordpress\/?page_id=1008"},"modified":"2023-08-21T20:56:53","modified_gmt":"2023-08-21T18:56:53","slug":"jaguar-enthusiasts-club-pays-de-la-loire-bretagne","status":"publish","type":"page","link":"https:\/\/www.jaguar-ouest.fr\/wordpress\/jaguar-enthusiasts-club-pays-de-la-loire-bretagne\/","title":{"rendered":"Notre R\u00e9gion"},"content":{"rendered":"\n<p class=\"has-text-align-center\" style=\"font-size:29px\"><strong>JAGUAR ENTHUSIAST&rsquo;S CLUB &#8211; PAYS DE LA LOIRE &amp; BRETAGNE<\/strong><\/p>\n\n\n\n<p>L\u2019origine du JEC est l\u2019Angleterre. Nous sommes affili\u00e9s au JEC UK.<\/p>\n\n\n\n<p>Notre r\u00e9gion regroupe des propri\u00e9taires de Jaguar et Daimler, Classic et Modernes, habitant en Pays de la Loire et Bretagne.<\/p>\n\n\n\n<figure class=\"wp-block-image size-large\"><img loading=\"lazy\" decoding=\"async\" width=\"1024\" height=\"664\" src=\"http:\/\/www.jaguar-ouest.fr\/wordpress\/wp-content\/uploads\/2023\/07\/image-1024x664.png\" alt=\"\" class=\"wp-image-1009\" srcset=\"https:\/\/www.jaguar-ouest.fr\/wordpress\/wp-content\/uploads\/2023\/07\/image-1024x664.png 1024w, https:\/\/www.jaguar-ouest.fr\/wordpress\/wp-content\/uploads\/2023\/07\/image-300x194.png 300w, https:\/\/www.jaguar-ouest.fr\/wordpress\/wp-content\/uploads\/2023\/07\/image-768x498.png 768w, https:\/\/www.jaguar-ouest.fr\/wordpress\/wp-content\/uploads\/2023\/07\/image.png 1276w\" sizes=\"auto, (max-width: 1024px) 100vw, 1024px\" \/><\/figure>\n","protected":false},"excerpt":{"rendered":"<p>JAGUAR ENTHUSIAST&rsquo;S CLUB &#8211; PAYS DE LA LOIRE &amp; BRETAGNE L\u2019origine du JEC est l\u2019Angleterre. Nous sommes affili\u00e9s au JEC UK. Notre r\u00e9gion regroupe des propri\u00e9taires de Jaguar et Daimler, Classic et Modernes, habitant en Pays de la Loire et Bretagne.<\/p>\n","protected":false},"author":1,"featured_media":0,"parent":0,"menu_order":0,"comment_status":"closed","ping_status":"closed","template":"","meta":{"_exactmetrics_skip_tracking":false,"_exactmetrics_sitenote_active":false,"_exactmetrics_sitenote_note":"","_exactmetrics_sitenote_category":0,"footnotes":""},"class_list":["post-1008","page","type-page","status-publish","hentry"],"_links":{"self":[{"href":"https:\/\/www.jaguar-ouest.fr\/wordpress\/wp-json\/wp\/v2\/pages\/1008","targetHints":{"allow":["GET"]}}],"collection":[{"href":"https:\/\/www.jaguar-ouest.fr\/wordpress\/wp-json\/wp\/v2\/pages"}],"about":[{"href":"https:\/\/www.jaguar-ouest.fr\/wordpress\/wp-json\/wp\/v2\/types\/page"}],"author":[{"embeddable":true,"href":"https:\/\/www.jaguar-ouest.fr\/wordpress\/wp-json\/wp\/v2\/users\/1"}],"replies":[{"embeddable":true,"href":"https:\/\/www.jaguar-ouest.fr\/wordpress\/wp-json\/wp\/v2\/comments?post=1008"}],"version-history":[{"count":5,"href":"https:\/\/www.jaguar-ouest.fr\/wordpress\/wp-json\/wp\/v2\/pages\/1008\/revisions"}],"predecessor-version":[{"id":1019,"href":"https:\/\/www.jaguar-ouest.fr\/wordpress\/wp-json\/wp\/v2\/pages\/1008\/revisions\/1019"}],"wp:attachment":[{"href":"https:\/\/www.jaguar-ouest.fr\/wordpress\/wp-json\/wp\/v2\/media?parent=1008"}],"curies":[{"name":"wp","href":"https:\/\/api.w.org\/{rel}","templated":true}]}}